{"id":255,"date":"2017-06-01T11:41:09","date_gmt":"2017-06-01T10:41:09","guid":{"rendered":"http:\/\/www.nowayout-musik.info\/?page_id=255"},"modified":"2017-06-01T11:41:09","modified_gmt":"2017-06-01T10:41:09","slug":"impressum","status":"publish","type":"page","link":"http:\/\/www.nowayout-musik.info\/?page_id=255","title":{"rendered":"Impressum"},"content":{"rendered":"<p><strong>Impressum<\/strong><\/p>\n<p>Angaben gem. \u00a7 5 TMG<\/p>\n<p><b>Betreiber und Kontakt:<\/b><br \/>\nMusikprojekt NoWayOut!<\/p>\n<p>Andr\u00e9 Seifert<br \/>\n90411 N\u00fcrnberg<br \/>\nE-Mail-Adresse: band@nowayout-musik.info<\/p>\n<p><b>Verantwortlicher f\u00fcr journalistisch-redaktionelle Inhalte gem. \u00a7 55 II RstV:<\/b><br \/>\nAndr\u00e9 Seifert<\/p>\n<p><b>Bilder und Grafiken:<\/b><br \/>\nAngaben der Quelle f\u00fcr verwendetes Bilder- und Grafikmaterial:<br \/>\nMusikprojekt NoWayOut!<\/p>\n<p><b>Online-Streitbeilegung gem\u00e4\u00df Art. 14 Abs. 1 ODR-VO<\/b><br \/>\nDie Europ\u00e4ische Kommission stellt eine Plattform zur Online-Streitbeilegung (OS) bereit, die Sie unter <a href=\"http:\/\/ec.europa.eu\/consumers\/odr\/\">http:\/\/ec.europa.eu\/consumers\/odr\/<\/a> finden.<\/p>\n","protected":false},"excerpt":{"rendered":"<p>Impressum Angaben gem. \u00a7 5 TMG Betreiber und Kontakt: Musikprojekt NoWayOut! Andr\u00e9 Seifert 90411 N\u00fcrnberg E-Mail-Adresse: band@nowayout-musik.info Verantwortlicher f\u00fcr journalistisch-redaktionelle Inhalte gem. \u00a7 55 II RstV: Andr\u00e9 Seifert Bilder und Grafiken: Angaben der Quelle f\u00fcr verwendetes Bilder- und Grafikmaterial: Musikprojekt NoWayOut! Online-Streitbeilegung gem\u00e4\u00df Art. 14 Abs. 1 ODR-VO Die Europ\u00e4ische Kommission stellt eine Plattform zur &hellip; <\/p>\n<p class=\"link-more\"><a href=\"http:\/\/www.nowayout-musik.info\/?page_id=255\" class=\"more-link\">Continue reading<span class=\"screen-reader-text\"> &#8220;Impressum&#8221;<\/span><\/a><\/p>\n","protected":false},"author":1,"featured_media":0,"parent":0,"menu_order":0,"comment_status":"closed","ping_status":"closed","template":"","meta":[],"_links":{"self":[{"href":"http:\/\/www.nowayout-musik.info\/index.php?rest_route=\/wp\/v2\/pages\/255"}],"collection":[{"href":"http:\/\/www.nowayout-musik.info\/index.php?rest_route=\/wp\/v2\/pages"}],"about":[{"href":"http:\/\/www.nowayout-musik.info\/index.php?rest_route=\/wp\/v2\/types\/page"}],"author":[{"embeddable":true,"href":"http:\/\/www.nowayout-musik.info\/index.php?rest_route=\/wp\/v2\/users\/1"}],"replies":[{"embeddable":true,"href":"http:\/\/www.nowayout-musik.info\/index.php?rest_route=%2Fwp%2Fv2%2Fcomments&post=255"}],"version-history":[{"count":1,"href":"http:\/\/www.nowayout-musik.info\/index.php?rest_route=\/wp\/v2\/pages\/255\/revisions"}],"predecessor-version":[{"id":256,"href":"http:\/\/www.nowayout-musik.info\/index.php?rest_route=\/wp\/v2\/pages\/255\/revisions\/256"}],"wp:attachment":[{"href":"http:\/\/www.nowayout-musik.info\/index.php?rest_route=%2Fwp%2Fv2%2Fmedia&parent=255"}],"curies":[{"name":"wp","href":"https:\/\/api.w.org\/{rel}","templated":true}]}}