{"id":32,"date":"2014-12-17T16:34:02","date_gmt":"2014-12-17T16:34:02","guid":{"rendered":"http:\/\/www.nowayout-musik.info\/?page_id=32"},"modified":"2015-01-04T16:00:40","modified_gmt":"2015-01-04T16:00:40","slug":"die-leeren-bucher","status":"publish","type":"page","link":"http:\/\/www.nowayout-musik.info\/?page_id=32","title":{"rendered":"Die leeren B\u00fccher"},"content":{"rendered":"<p>Eine Weihnachtsgeschichte von Jeremy Kaiser und Andr\u00e9 Seifert:<br \/>\nH\u00f6rspiel und Musik von Musikprojekt NoWayOut!<\/p>\n<p>Jetzt online hier lesen und h\u00f6ren!<br \/>\nVer\u00f6ffentlichung: 24.12.2014<br \/>\n<a title=\"PDF - Die leeren B\u00fccher\" href=\"http:\/\/www.nowayout-musik.info\/wp-content\/uploads\/2014\/12\/die-leeren-b\u00fccher-web.pdf\" target=\"_blank\">Download Booklet [PDF] hier =&gt;<\/a><\/p>\n<div class=\"cue-playlist-container\">\n<div class=\"cue-playlist cue-theme-default\" itemscope itemtype=\"http:\/\/schema.org\/MusicPlaylist\">\n\t\n\t<meta itemprop=\"numTracks\" content=\"9\" \/>\n\n\t<audio src=\"http:\/\/www.nowayout-musik.info\/wp-content\/uploads\/2014\/12\/nwo-die-leeren-buecher-prolog.mp3\" controls preload=\"none\" class=\"cue-audio\" style=\"width: 100%; height: auto\"><\/audio>\n\n\t<ol class=\"cue-tracks\">\n\t\t\t\t\t<li class=\"cue-track\" itemprop=\"track\" itemscope itemtype=\"http:\/\/schema.org\/MusicRecording\">\n\t\t\t\t\n\t\t\t\t<span class=\"cue-track-details cue-track-cell\">\n\t\t\t\t\t<span class=\"cue-track-title\" itemprop=\"name\">Prolog<\/span>\n\t\t\t\t\t<span class=\"cue-track-artist\" itemprop=\"byArtist\">Musikprojekt NoWayOut!<\/span>\n\t\t\t\t<\/span>\n\n\t\t\t\t\n\t\t\t\t<span class=\"cue-track-length cue-track-cell\">4:22<\/span>\n\n\t\t\t\t\t\t\t<\/li>\n\t\t\t\t\t<li class=\"cue-track\" itemprop=\"track\" itemscope itemtype=\"http:\/\/schema.org\/MusicRecording\">\n\t\t\t\t\n\t\t\t\t<span class=\"cue-track-details cue-track-cell\">\n\t\t\t\t\t<span class=\"cue-track-title\" itemprop=\"name\">Kapitel 1<\/span>\n\t\t\t\t\t<span class=\"cue-track-artist\" itemprop=\"byArtist\">Musikprojekt NoWayOut!<\/span>\n\t\t\t\t<\/span>\n\n\t\t\t\t\n\t\t\t\t<span class=\"cue-track-length cue-track-cell\">4:48<\/span>\n\n\t\t\t\t\t\t\t<\/li>\n\t\t\t\t\t<li class=\"cue-track\" itemprop=\"track\" itemscope itemtype=\"http:\/\/schema.org\/MusicRecording\">\n\t\t\t\t\n\t\t\t\t<span class=\"cue-track-details cue-track-cell\">\n\t\t\t\t\t<span class=\"cue-track-title\" itemprop=\"name\">Wieder so ein Tag<\/span>\n\t\t\t\t\t<span class=\"cue-track-artist\" itemprop=\"byArtist\">Musikprojekt NoWayOut!<\/span>\n\t\t\t\t<\/span>\n\n\t\t\t\t\n\t\t\t\t<span class=\"cue-track-length cue-track-cell\">5:15<\/span>\n\n\t\t\t\t\t\t\t<\/li>\n\t\t\t\t\t<li class=\"cue-track\" itemprop=\"track\" itemscope itemtype=\"http:\/\/schema.org\/MusicRecording\">\n\t\t\t\t\n\t\t\t\t<span class=\"cue-track-details cue-track-cell\">\n\t\t\t\t\t<span class=\"cue-track-title\" itemprop=\"name\">Kapitel 2<\/span>\n\t\t\t\t\t<span class=\"cue-track-artist\" itemprop=\"byArtist\">Musikprojekt NoWayOut!<\/span>\n\t\t\t\t<\/span>\n\n\t\t\t\t\n\t\t\t\t<span class=\"cue-track-length cue-track-cell\">5:30<\/span>\n\n\t\t\t\t\t\t\t<\/li>\n\t\t\t\t\t<li class=\"cue-track\" itemprop=\"track\" itemscope itemtype=\"http:\/\/schema.org\/MusicRecording\">\n\t\t\t\t\n\t\t\t\t<span class=\"cue-track-details cue-track-cell\">\n\t\t\t\t\t<span class=\"cue-track-title\" itemprop=\"name\">Kapitel 3<\/span>\n\t\t\t\t\t<span class=\"cue-track-artist\" itemprop=\"byArtist\">Musikprojekt NoWayOut!<\/span>\n\t\t\t\t<\/span>\n\n\t\t\t\t\n\t\t\t\t<span class=\"cue-track-length cue-track-cell\">5:48<\/span>\n\n\t\t\t\t\t\t\t<\/li>\n\t\t\t\t\t<li class=\"cue-track\" itemprop=\"track\" itemscope itemtype=\"http:\/\/schema.org\/MusicRecording\">\n\t\t\t\t\n\t\t\t\t<span class=\"cue-track-details cue-track-cell\">\n\t\t\t\t\t<span class=\"cue-track-title\" itemprop=\"name\">Schick den Drachen zum Himmel<\/span>\n\t\t\t\t\t<span class=\"cue-track-artist\" itemprop=\"byArtist\">Musikprojekt NoWayOut!<\/span>\n\t\t\t\t<\/span>\n\n\t\t\t\t\n\t\t\t\t<span class=\"cue-track-length cue-track-cell\">3:52<\/span>\n\n\t\t\t\t\t\t\t<\/li>\n\t\t\t\t\t<li class=\"cue-track\" itemprop=\"track\" itemscope itemtype=\"http:\/\/schema.org\/MusicRecording\">\n\t\t\t\t\n\t\t\t\t<span class=\"cue-track-details cue-track-cell\">\n\t\t\t\t\t<span class=\"cue-track-title\" itemprop=\"name\">Kapitel 4<\/span>\n\t\t\t\t\t<span class=\"cue-track-artist\" itemprop=\"byArtist\">Musikprojekt NoWayOut!<\/span>\n\t\t\t\t<\/span>\n\n\t\t\t\t\n\t\t\t\t<span class=\"cue-track-length cue-track-cell\">8:11<\/span>\n\n\t\t\t\t\t\t\t<\/li>\n\t\t\t\t\t<li class=\"cue-track\" itemprop=\"track\" itemscope itemtype=\"http:\/\/schema.org\/MusicRecording\">\n\t\t\t\t\n\t\t\t\t<span class=\"cue-track-details cue-track-cell\">\n\t\t\t\t\t<span class=\"cue-track-title\" itemprop=\"name\">Kapitel 5<\/span>\n\t\t\t\t\t<span class=\"cue-track-artist\" itemprop=\"byArtist\">Musikprojekt NoWayOut!<\/span>\n\t\t\t\t<\/span>\n\n\t\t\t\t\n\t\t\t\t<span class=\"cue-track-length cue-track-cell\">4:31<\/span>\n\n\t\t\t\t\t\t\t<\/li>\n\t\t\t\t\t<li class=\"cue-track\" itemprop=\"track\" itemscope itemtype=\"http:\/\/schema.org\/MusicRecording\">\n\t\t\t\t\n\t\t\t\t<span class=\"cue-track-details cue-track-cell\">\n\t\t\t\t\t<span class=\"cue-track-title\" itemprop=\"name\">Lies mit mir<\/span>\n\t\t\t\t\t<span class=\"cue-track-artist\" itemprop=\"byArtist\">Musikprojekt NoWayOut!<\/span>\n\t\t\t\t<\/span>\n\n\t\t\t\t\n\t\t\t\t<span class=\"cue-track-length cue-track-cell\">2:51<\/span>\n\n\t\t\t\t\t\t\t<\/li>\n\t\t\t<\/ol>\n\n\t<\/div>\n\t\t<script type=\"application\/json\" class=\"cue-playlist-data\">{\"embed_link\":\"http:\\\/\\\/www.nowayout-musik.info\\\/?cue_embed=die-leeren-bucher&cue_theme=default\",\"permalink\":\"http:\\\/\\\/www.nowayout-musik.info\\\/?cue_playlist=die-leeren-bucher\",\"skin\":\"cue-skin-default\",\"thumbnail\":\"\",\"tracks\":[{\"title\":\"Prolog\",\"artist\":\"Musikprojekt NoWayOut!\",\"audioId\":40,\"audioUrl\":\"http:\\\/\\\/www.nowayout-musik.info\\\/wp-content\\\/uploads\\\/2014\\\/12\\\/nwo-die-leeren-buecher-prolog.mp3\",\"format\":\"mp3\",\"length\":\"4:22\",\"artworkId\":0,\"artworkUrl\":\"\",\"order\":0,\"mp3\":\"http:\\\/\\\/www.nowayout-musik.info\\\/wp-content\\\/uploads\\\/2014\\\/12\\\/nwo-die-leeren-buecher-prolog.mp3\",\"meta\":{\"artist\":\"Musikprojekt NoWayOut!\",\"length_formatted\":\"4:22\"},\"src\":\"http:\\\/\\\/www.nowayout-musik.info\\\/wp-content\\\/uploads\\\/2014\\\/12\\\/nwo-die-leeren-buecher-prolog.mp3\",\"thumb\":{\"src\":\"\"}},{\"title\":\"Kapitel 1\",\"artist\":\"Musikprojekt NoWayOut!\",\"audioId\":41,\"audioUrl\":\"http:\\\/\\\/www.nowayout-musik.info\\\/wp-content\\\/uploads\\\/2014\\\/12\\\/nwo-die-leeren-buecher-kapitel1.mp3\",\"format\":\"mp3\",\"length\":\"4:48\",\"artworkId\":0,\"artworkUrl\":\"\",\"order\":1,\"mp3\":\"http:\\\/\\\/www.nowayout-musik.info\\\/wp-content\\\/uploads\\\/2014\\\/12\\\/nwo-die-leeren-buecher-kapitel1.mp3\",\"meta\":{\"artist\":\"Musikprojekt NoWayOut!\",\"length_formatted\":\"4:48\"},\"src\":\"http:\\\/\\\/www.nowayout-musik.info\\\/wp-content\\\/uploads\\\/2014\\\/12\\\/nwo-die-leeren-buecher-kapitel1.mp3\",\"thumb\":{\"src\":\"\"}},{\"title\":\"Wieder so ein Tag\",\"artist\":\"Musikprojekt NoWayOut!\",\"audioId\":42,\"audioUrl\":\"http:\\\/\\\/www.nowayout-musik.info\\\/wp-content\\\/uploads\\\/2014\\\/12\\\/nwo-die-leeren-buecher-wiedersoeintag.mp3\",\"format\":\"mp3\",\"length\":\"5:15\",\"artworkId\":0,\"artworkUrl\":\"\",\"order\":2,\"mp3\":\"http:\\\/\\\/www.nowayout-musik.info\\\/wp-content\\\/uploads\\\/2014\\\/12\\\/nwo-die-leeren-buecher-wiedersoeintag.mp3\",\"meta\":{\"artist\":\"Musikprojekt NoWayOut!\",\"length_formatted\":\"5:15\"},\"src\":\"http:\\\/\\\/www.nowayout-musik.info\\\/wp-content\\\/uploads\\\/2014\\\/12\\\/nwo-die-leeren-buecher-wiedersoeintag.mp3\",\"thumb\":{\"src\":\"\"}},{\"title\":\"Kapitel 2\",\"artist\":\"Musikprojekt NoWayOut!\",\"audioId\":43,\"audioUrl\":\"http:\\\/\\\/www.nowayout-musik.info\\\/wp-content\\\/uploads\\\/2014\\\/12\\\/nwo-die-leeren-buecher-kapitel2.mp3\",\"format\":\"mp3\",\"length\":\"5:30\",\"artworkId\":0,\"artworkUrl\":\"\",\"order\":3,\"mp3\":\"http:\\\/\\\/www.nowayout-musik.info\\\/wp-content\\\/uploads\\\/2014\\\/12\\\/nwo-die-leeren-buecher-kapitel2.mp3\",\"meta\":{\"artist\":\"Musikprojekt NoWayOut!\",\"length_formatted\":\"5:30\"},\"src\":\"http:\\\/\\\/www.nowayout-musik.info\\\/wp-content\\\/uploads\\\/2014\\\/12\\\/nwo-die-leeren-buecher-kapitel2.mp3\",\"thumb\":{\"src\":\"\"}},{\"title\":\"Kapitel 3\",\"artist\":\"Musikprojekt NoWayOut!\",\"audioId\":46,\"audioUrl\":\"http:\\\/\\\/www.nowayout-musik.info\\\/wp-content\\\/uploads\\\/2014\\\/12\\\/nwo-die-leeren-buecher-kapitel3.mp3\",\"format\":\"mp3\",\"length\":\"5:48\",\"artworkId\":0,\"artworkUrl\":\"\",\"order\":4,\"mp3\":\"http:\\\/\\\/www.nowayout-musik.info\\\/wp-content\\\/uploads\\\/2014\\\/12\\\/nwo-die-leeren-buecher-kapitel3.mp3\",\"meta\":{\"artist\":\"Musikprojekt NoWayOut!\",\"length_formatted\":\"5:48\"},\"src\":\"http:\\\/\\\/www.nowayout-musik.info\\\/wp-content\\\/uploads\\\/2014\\\/12\\\/nwo-die-leeren-buecher-kapitel3.mp3\",\"thumb\":{\"src\":\"\"}},{\"title\":\"Schick den Drachen zum Himmel\",\"artist\":\"Musikprojekt NoWayOut!\",\"audioId\":49,\"audioUrl\":\"http:\\\/\\\/www.nowayout-musik.info\\\/wp-content\\\/uploads\\\/2014\\\/12\\\/nwo-die-leeren-buecher-schickdendrachenzumhimmel.mp3\",\"format\":\"mp3\",\"length\":\"3:52\",\"artworkId\":0,\"artworkUrl\":\"\",\"order\":5,\"mp3\":\"http:\\\/\\\/www.nowayout-musik.info\\\/wp-content\\\/uploads\\\/2014\\\/12\\\/nwo-die-leeren-buecher-schickdendrachenzumhimmel.mp3\",\"meta\":{\"artist\":\"Musikprojekt NoWayOut!\",\"length_formatted\":\"3:52\"},\"src\":\"http:\\\/\\\/www.nowayout-musik.info\\\/wp-content\\\/uploads\\\/2014\\\/12\\\/nwo-die-leeren-buecher-schickdendrachenzumhimmel.mp3\",\"thumb\":{\"src\":\"\"}},{\"title\":\"Kapitel 4\",\"artist\":\"Musikprojekt NoWayOut!\",\"audioId\":51,\"audioUrl\":\"http:\\\/\\\/www.nowayout-musik.info\\\/wp-content\\\/uploads\\\/2014\\\/12\\\/nwo-die-leeren-buecher-kapitel4.mp3\",\"format\":\"mp3\",\"length\":\"8:11\",\"artworkId\":0,\"artworkUrl\":\"\",\"order\":6,\"mp3\":\"http:\\\/\\\/www.nowayout-musik.info\\\/wp-content\\\/uploads\\\/2014\\\/12\\\/nwo-die-leeren-buecher-kapitel4.mp3\",\"meta\":{\"artist\":\"Musikprojekt NoWayOut!\",\"length_formatted\":\"8:11\"},\"src\":\"http:\\\/\\\/www.nowayout-musik.info\\\/wp-content\\\/uploads\\\/2014\\\/12\\\/nwo-die-leeren-buecher-kapitel4.mp3\",\"thumb\":{\"src\":\"\"}},{\"title\":\"Kapitel 5\",\"artist\":\"Musikprojekt NoWayOut!\",\"audioId\":52,\"audioUrl\":\"http:\\\/\\\/www.nowayout-musik.info\\\/wp-content\\\/uploads\\\/2014\\\/12\\\/nwo-die-leeren-buecher-kapitel5.mp3\",\"format\":\"mp3\",\"length\":\"4:31\",\"artworkId\":0,\"artworkUrl\":\"\",\"order\":7,\"mp3\":\"http:\\\/\\\/www.nowayout-musik.info\\\/wp-content\\\/uploads\\\/2014\\\/12\\\/nwo-die-leeren-buecher-kapitel5.mp3\",\"meta\":{\"artist\":\"Musikprojekt NoWayOut!\",\"length_formatted\":\"4:31\"},\"src\":\"http:\\\/\\\/www.nowayout-musik.info\\\/wp-content\\\/uploads\\\/2014\\\/12\\\/nwo-die-leeren-buecher-kapitel5.mp3\",\"thumb\":{\"src\":\"\"}},{\"title\":\"Lies mit mir\",\"artist\":\"Musikprojekt NoWayOut!\",\"audioId\":54,\"audioUrl\":\"http:\\\/\\\/www.nowayout-musik.info\\\/wp-content\\\/uploads\\\/2014\\\/12\\\/nwo-die-leeren-buecher-liesmitmir.mp3\",\"format\":\"mp3\",\"length\":\"2:51\",\"artworkId\":0,\"artworkUrl\":\"\",\"order\":8,\"mp3\":\"http:\\\/\\\/www.nowayout-musik.info\\\/wp-content\\\/uploads\\\/2014\\\/12\\\/nwo-die-leeren-buecher-liesmitmir.mp3\",\"meta\":{\"artist\":\"Musikprojekt NoWayOut!\",\"length_formatted\":\"2:51\"},\"src\":\"http:\\\/\\\/www.nowayout-musik.info\\\/wp-content\\\/uploads\\\/2014\\\/12\\\/nwo-die-leeren-buecher-liesmitmir.mp3\",\"thumb\":{\"src\":\"\"}}]}<\/script>\n\t\t<\/div>\n<figure id=\"attachment_53\" aria-describedby=\"caption-attachment-53\" style=\"width: 370px\" class=\"wp-caption alignnone\"><a href=\"http:\/\/www.nowayout-musik.info\/wp-content\/uploads\/2014\/12\/nwo-dlb.png\"><img loading=\"lazy\" class=\"wp-image-53 size-full\" src=\"http:\/\/www.nowayout-musik.info\/wp-content\/uploads\/2014\/12\/nwo-dlb.png\" alt=\"Die leeren B\u00fccher - Cover\" width=\"370\" height=\"185\" srcset=\"http:\/\/www.nowayout-musik.info\/wp-content\/uploads\/2014\/12\/nwo-dlb.png 370w, http:\/\/www.nowayout-musik.info\/wp-content\/uploads\/2014\/12\/nwo-dlb-300x150.png 300w\" sizes=\"(max-width: 370px) 100vw, 370px\" \/><\/a><figcaption id=\"caption-attachment-53\" class=\"wp-caption-text\">Die leeren B\u00fccher &#8211; Cover<\/figcaption><\/figure>\n","protected":false},"excerpt":{"rendered":"<p>Eine Weihnachtsgeschichte von Jeremy Kaiser und Andr\u00e9 Seifert: H\u00f6rspiel und Musik von Musikprojekt NoWayOut! Jetzt online hier lesen und h\u00f6ren! Ver\u00f6ffentlichung: 24.12.2014 Download Booklet [PDF] hier =&gt;<\/p>\n","protected":false},"author":1,"featured_media":34,"parent":0,"menu_order":0,"comment_status":"closed","ping_status":"closed","template":"","meta":[],"_links":{"self":[{"href":"http:\/\/www.nowayout-musik.info\/index.php?rest_route=\/wp\/v2\/pages\/32"}],"collection":[{"href":"http:\/\/www.nowayout-musik.info\/index.php?rest_route=\/wp\/v2\/pages"}],"about":[{"href":"http:\/\/www.nowayout-musik.info\/index.php?rest_route=\/wp\/v2\/types\/page"}],"author":[{"embeddable":true,"href":"http:\/\/www.nowayout-musik.info\/index.php?rest_route=\/wp\/v2\/users\/1"}],"replies":[{"embeddable":true,"href":"http:\/\/www.nowayout-musik.info\/index.php?rest_route=%2Fwp%2Fv2%2Fcomments&post=32"}],"version-history":[{"count":8,"href":"http:\/\/www.nowayout-musik.info\/index.php?rest_route=\/wp\/v2\/pages\/32\/revisions"}],"predecessor-version":[{"id":70,"href":"http:\/\/www.nowayout-musik.info\/index.php?rest_route=\/wp\/v2\/pages\/32\/revisions\/70"}],"wp:featuredmedia":[{"embeddable":true,"href":"http:\/\/www.nowayout-musik.info\/index.php?rest_route=\/wp\/v2\/media\/34"}],"wp:attachment":[{"href":"http:\/\/www.nowayout-musik.info\/index.php?rest_route=%2Fwp%2Fv2%2Fmedia&parent=32"}],"curies":[{"name":"wp","href":"https:\/\/api.w.org\/{rel}","templated":true}]}}