{"id":80,"date":"2015-01-07T16:13:42","date_gmt":"2015-01-07T16:13:42","guid":{"rendered":"http:\/\/www.nowayout-musik.info\/?page_id=80"},"modified":"2015-01-23T20:57:31","modified_gmt":"2015-01-23T20:57:31","slug":"mein-bild-von-dir-2001","status":"publish","type":"page","link":"http:\/\/www.nowayout-musik.info\/?page_id=80","title":{"rendered":"Mein Bild von Dir (2001)"},"content":{"rendered":"<p>Ver\u00f6ffentlicht im Mai 2000.<\/p>\n<p>Titel<\/p>\n<ol>\n<li>Mein Bild von dir<\/li>\n<li>Do you believe<\/li>\n<li>Tausend Fragen<\/li>\n<li>F\u00fcr das was zu sagen bleibt<\/li>\n<li>Stillstand der Stimme<\/li>\n<li>Motherless Child<\/li>\n<li>Wo ist das Ende dieser Zeit<\/li>\n<li>Schattenspiel<\/li>\n<li>Rotna\u00dfgeweint<\/li>\n<\/ol>\n","protected":false},"excerpt":{"rendered":"<p>Ver\u00f6ffentlicht im Mai 2000. Titel Mein Bild von dir Do you believe Tausend Fragen F\u00fcr das was zu sagen bleibt Stillstand der Stimme Motherless Child Wo ist das Ende dieser Zeit Schattenspiel Rotna\u00dfgeweint<\/p>\n","protected":false},"author":1,"featured_media":0,"parent":12,"menu_order":0,"comment_status":"closed","ping_status":"closed","template":"","meta":[],"_links":{"self":[{"href":"http:\/\/www.nowayout-musik.info\/index.php?rest_route=\/wp\/v2\/pages\/80"}],"collection":[{"href":"http:\/\/www.nowayout-musik.info\/index.php?rest_route=\/wp\/v2\/pages"}],"about":[{"href":"http:\/\/www.nowayout-musik.info\/index.php?rest_route=\/wp\/v2\/types\/page"}],"author":[{"embeddable":true,"href":"http:\/\/www.nowayout-musik.info\/index.php?rest_route=\/wp\/v2\/users\/1"}],"replies":[{"embeddable":true,"href":"http:\/\/www.nowayout-musik.info\/index.php?rest_route=%2Fwp%2Fv2%2Fcomments&post=80"}],"version-history":[{"count":3,"href":"http:\/\/www.nowayout-musik.info\/index.php?rest_route=\/wp\/v2\/pages\/80\/revisions"}],"predecessor-version":[{"id":116,"href":"http:\/\/www.nowayout-musik.info\/index.php?rest_route=\/wp\/v2\/pages\/80\/revisions\/116"}],"up":[{"embeddable":true,"href":"http:\/\/www.nowayout-musik.info\/index.php?rest_route=\/wp\/v2\/pages\/12"}],"wp:attachment":[{"href":"http:\/\/www.nowayout-musik.info\/index.php?rest_route=%2Fwp%2Fv2%2Fmedia&parent=80"}],"curies":[{"name":"wp","href":"https:\/\/api.w.org\/{rel}","templated":true}]}}